{"id":110,"date":"2025-07-06T03:01:19","date_gmt":"2025-07-06T03:01:19","guid":{"rendered":"https:\/\/www.vitaspicy.com\/francais\/?page_id=110"},"modified":"2026-01-15T15:48:52","modified_gmt":"2026-01-15T15:48:52","slug":"accueil","status":"publish","type":"page","link":"https:\/\/richfamousdream.com\/fr\/","title":{"rendered":"Accueil"},"content":{"rendered":"\n<h3 class=\"wp-block-heading has-text-align-center\">\u2728 RichPravda \ud83d\udc8e<\/h3>\n\n\n\n<p class=\"has-text-align-center\"><strong>Devenir riche \ud83d\udcb0, comprendre le pouvoir \ud83d\udc41, dominer le r\u00e9el \ud83e\udde0<\/strong><br>Documentaires \ud83c\udfac \u2022 Argent \ud83d\udcb6 \u2022 Influence \ud83c\udfad \u2022 IA \ud83e\udd16 \u2022 Strat\u00e9gies \ud83c\udfaf<\/p>\n\n\n\n<p class=\"has-text-align-center\">\ud83c\udf93 <strong>L\u2019universit\u00e9 du monde r\u00e9el, version cashflow<\/strong><\/p>\n\n\n\n<p><a href=\"https:\/\/richfamousdream.com\/fr\/a-propos\/\"><em>Tu peux en savoir plus sur RichPravda sur la page \u00ab\u00a0\u00c0 Propos\u00a0\u00bb ici <\/em><\/a><\/p>\n\n\n\n<p><\/p>\n\n\n\n<p>\ud83d\udc8e <strong>RichPravda<\/strong>, c\u2019est le m\u00e9dia qui t\u2019apprend ce que personne n\u2019ose expliquer :<br>comment fonctionne vraiment <strong>l\u2019argent<\/strong>, <strong>le pouvoir<\/strong> et <strong>la r\u00e9ussite<\/strong> \ud83d\ude80<\/p>\n\n\n\n<p>\ud83e\udde0 On analyse <strong>les riches, les c\u00e9l\u00e8bres, les insolites. <\/strong><br>En compl\u00e9ment, on analyse plus en d\u00e9tail les influenceurs sur notre autre site <a href=\"https:\/\/influenceursriches.com\" target=\"_blank\" rel=\"noreferrer noopener\">Influenceurs Riches <\/a><br>\u2192 leurs strat\u00e9gies, leurs erreurs, leurs coups de g\u00e9nie et leurs arnaques \ud83d\udd75\ufe0f\u200d\u2642\ufe0f<\/p>\n\n\n\n<p>\ud83d\udcb0 Business, marketing, influence, IA, r\u00e9seaux, image, persuasion, timing<br>On d\u00e9cortique les <strong>m\u00e9caniques invisibles<\/strong> qui font passer quelqu\u2019un<br>de z\u00e9ro \u00e0 millionnaire (ou de star \u00e0 ruine) \ud83d\udcc9\ud83d\udcc8<\/p>\n\n\n\n<p>\ud83c\udfac <strong>Documentaires, analyses, \u00e9tudes de cas, r\u00e9cits vrais<\/strong><br>Pas pour r\u00eaver.<br>Mais pour <strong>comprendre \u2192 appliquer \u2192 gagner<\/strong> \ud83e\udde9<\/p>\n\n\n\n<p>\u2696\ufe0f Ici, pas de bullshit.<br>Pas de \u201cmanifeste ton million\u201d.<br>Juste les <strong>r\u00e8gles du jeu<\/strong> \u2014 expliqu\u00e9es pour que tu puisses enfin jouer \ud83c\udfaf<\/p>\n\n\n\n<p>\ud83d\udc41 <strong>Voir clair.<\/strong><br>\ud83e\udd1d <strong>Agir intelligemment.<\/strong><br>\ud83d\udcb6 <strong>Gagner plus.<\/strong><\/p>\n\n\n\n<p>\ud83d\udd25 Bienvenue dans <strong>RichPravda<\/strong> \u2014<br>le m\u00e9dia qui transforme l\u2019information en <strong>pouvoir r\u00e9el<\/strong>.<\/p>\n\n\n\n<p>\ud83d\udc47 <strong>D\u00e9couvre nos enqu\u00eates, nos d\u00e9cryptages et nos histoires vraies ci-dessous<\/strong><br>\ud83d\udc49 Clique, regarde, comprends\u2026 et commence \u00e0 <strong>changer ton destin<\/strong> \ud83d\udca5<\/p>\n\n\n\n<h3 class=\"wp-block-heading\"><br> \ud83d\udc47 Ci-dessous, tu trouveras les articles r\u00e9cents. \ud83d\udc47<\/h3>\n\n\n\n<p><a href=\"https:\/\/richfamousdream.com\/fr\/categories\/\"><em>Tu peux aussi trier par cat\u00e9gories ici.<\/em><\/a><\/p>\n\n\n\n<p><\/p>\n\n\n\n<p><\/p>\n\n\n\n<h2 class=\"wp-block-heading\">Envie de d\u00e9couvrir les prochaines chansons et les prochains articles \u00e0 l&rsquo;avance ?<\/h2>\n\n\n\n<h3 class=\"wp-block-heading\">\ud83d\udc49\ud83c\udffb Envie de recevoir chaque mois des cadeaux gratuits ? \ud83c\udd93 \ud83c\udf81<\/h3>\n\n\n\n<h3 class=\"wp-block-heading\"><br><a href=\"https:\/\/fr.vitaspicy.com\/cadeaux?sa=sa02234707093a0151c794af015f8ae3b8d8bdec29&amp;tk=blogvitaspicyfr\" target=\"_blank\" rel=\"noreferrer noopener\">Inscrit toi gratuitement et sans engagement \u00e0 notre newsletter et re\u00e7ois tes cadeaux gratuits <\/a><\/h3>\n\n\n\n<div class=\"wp-block-buttons is-layout-flex wp-block-buttons-is-layout-flex\">\n<div class=\"wp-block-button\"><a class=\"wp-block-button__link wp-element-button\" href=\"https:\/\/fr.vitaspicy.com\/cadeaux?sa=sa02234707093a0151c794af015f8ae3b8d8bdec29&amp;tk=blogvitaspicyfr\" target=\"_blank\" rel=\"noreferrer noopener\">Oui, je veux recevoir les newsletters et recevoir mes cadeaux gratuit maintenant<\/a><\/div>\n<\/div>\n\n\n\n<p><\/p>\n","protected":false},"excerpt":{"rendered":"<p>\u2728 RichPravda \ud83d\udc8e Devenir riche \ud83d\udcb0, comprendre le pouvoir \ud83d\udc41, dominer le r\u00e9el \ud83e\udde0Documentaires \ud83c\udfac \u2022 Argent \ud83d\udcb6 \u2022 Influence \ud83c\udfad \u2022 IA \ud83e\udd16 \u2022 Strat\u00e9gies \ud83c\udfaf \ud83c\udf93 L\u2019universit\u00e9 du monde r\u00e9el, version cashflow Tu peux en savoir plus sur RichPravda sur la page \u00ab\u00a0\u00c0 Propos\u00a0\u00bb ici \ud83d\udc8e RichPravda, c\u2019est le m\u00e9dia qui t\u2019apprend ce &hellip; <\/p>\n<p><a class=\"more-link btn\" href=\"https:\/\/richfamousdream.com\/fr\/\">Lire la suite<\/a><\/p>\n","protected":false},"author":1,"featured_media":0,"parent":0,"menu_order":0,"comment_status":"closed","ping_status":"closed","template":"","meta":{"pagelayer_contact_templates":[],"_pagelayer_content":"","footnotes":""},"class_list":["post-110","page","type-page","status-publish","hentry","nodate","item-wrap"],"_links":{"self":[{"href":"https:\/\/richfamousdream.com\/fr\/wp-json\/wp\/v2\/pages\/110","targetHints":{"allow":["GET"]}}],"collection":[{"href":"https:\/\/richfamousdream.com\/fr\/wp-json\/wp\/v2\/pages"}],"about":[{"href":"https:\/\/richfamousdream.com\/fr\/wp-json\/wp\/v2\/types\/page"}],"author":[{"embeddable":true,"href":"https:\/\/richfamousdream.com\/fr\/wp-json\/wp\/v2\/users\/1"}],"replies":[{"embeddable":true,"href":"https:\/\/richfamousdream.com\/fr\/wp-json\/wp\/v2\/comments?post=110"}],"version-history":[{"count":1,"href":"https:\/\/richfamousdream.com\/fr\/wp-json\/wp\/v2\/pages\/110\/revisions"}],"predecessor-version":[{"id":1716,"href":"https:\/\/richfamousdream.com\/fr\/wp-json\/wp\/v2\/pages\/110\/revisions\/1716"}],"wp:attachment":[{"href":"https:\/\/richfamousdream.com\/fr\/wp-json\/wp\/v2\/media?parent=110"}],"curies":[{"name":"wp","href":"https:\/\/api.w.org\/{rel}","templated":true}]}}